{"id":4569,"date":"2015-11-30T12:30:32","date_gmt":"2015-11-30T10:30:32","guid":{"rendered":"http:\/\/www.psppnw.pl\/?page_id=4569"},"modified":"2015-11-30T14:23:42","modified_gmt":"2015-11-30T12:23:42","slug":"ogolnopolski-dzien-praw-dziecka","status":"publish","type":"page","link":"https:\/\/www.psppnw.pl\/index.php\/ogolnopolski-dzien-praw-dziecka\/","title":{"rendered":"Og\u00f3lnopolski Dzie\u0144 Praw Dziecka"},"content":{"rendered":"<h4>W pi\u0105tek, 20 listopada 2015 roku, uczniowie naszej szko\u0142y wzi\u0119li udzia\u0142 w obchodach Og\u00f3lnopolskiego Dnia Praw Dziecka. To \u015bwi\u0119to upami\u0119tnia rocznic\u0119 przyj\u0119cia przez Zgromadzenie Og\u00f3lne Narod\u00f3w Zjednoczonych \u201eKonwencji o prawach dziecka\u201d.\u00a0 Dokument zosta\u0142 uchwalony 20 listopada 1989 roku wed\u0142ug polskiego projektu. Nasi uczniowie spotkali si\u0119 w sali gimnastycznej, by wys\u0142ucha\u0107 kr\u00f3tkiego wyk\u0142adu na temat praw dzieci i ich historii. Nast\u0119pnie, podzieleni na kolorowe grupy, utworzone przez uczni\u00f3w m\u0142odszych klas wspieranych przez starsze dzieci, tworzyli kola\u017ce dotycz\u0105ce wylosowanego prawa. Praca odbywa\u0142a si\u0119 na czas i zak\u0142ada\u0142a u\u017cycie r\u00f3\u017cnych materia\u0142\u00f3w do wyklejania: fragment\u00f3w gazet, w\u0142\u00f3czek, makronu, kawy, ry\u017cu itp. Dzieci wykaza\u0142y si\u0119 du\u017c\u0105 kreatywno\u015bci\u0105 i zaanga\u017cowaniem, a kolorowe plakaty ozdobi\u0142y \u015bciany na korytarzu szko\u0142y. Dzia\u0142ania z okazji Og\u00f3lnopolskiego Dnia Praw Dziecka przygotowa\u0142y i koordynowa\u0142y panie Natalia Warzecha i Ewa Pawleta.<\/h4>\n<p><img loading=\"lazy\" decoding=\"async\" class=\"aligncenter size-medium wp-image-4572\" src=\"http:\/\/www.psppnw.pl\/wp-content\/uploads\/2015\/11\/DSC06484-600x450.jpg\" alt=\"DSC06484\" width=\"600\" height=\"450\" \/><\/p>\n<p>&nbsp;<\/p>\n<p><img loading=\"lazy\" decoding=\"async\" class=\"aligncenter size-medium wp-image-4573\" src=\"http:\/\/www.psppnw.pl\/wp-content\/uploads\/2015\/11\/DSC06485-600x450.jpg\" alt=\"DSC06485\" width=\"600\" height=\"450\" \/><\/p>\n<p>&nbsp;<\/p>\n<p><img loading=\"lazy\" decoding=\"async\" class=\"aligncenter size-medium wp-image-4571\" src=\"http:\/\/www.psppnw.pl\/wp-content\/uploads\/2015\/11\/DSC06476-600x450.jpg\" alt=\"DSC06476\" width=\"600\" height=\"450\" \/><\/p>\n<p>&nbsp;<\/p>\n<p><img loading=\"lazy\" decoding=\"async\" class=\"aligncenter size-medium wp-image-4564\" src=\"http:\/\/www.psppnw.pl\/wp-content\/uploads\/2015\/11\/DSC06489-e1448874392127-600x518.jpg\" alt=\"DSC06489\" width=\"600\" height=\"518\" srcset=\"https:\/\/www.psppnw.pl\/wp-content\/uploads\/2015\/11\/DSC06489-e1448874392127-600x518.jpg 600w, https:\/\/www.psppnw.pl\/wp-content\/uploads\/2015\/11\/DSC06489-e1448874392127-200x173.jpg 200w, https:\/\/www.psppnw.pl\/wp-content\/uploads\/2015\/11\/DSC06489-e1448874392127-1024x883.jpg 1024w, https:\/\/www.psppnw.pl\/wp-content\/uploads\/2015\/11\/DSC06489-e1448874392127.jpg 1448w\" sizes=\"auto, (max-width: 600px) 100vw, 600px\" \/><\/p>\n","protected":false},"excerpt":{"rendered":"<div class=\"mh-excerpt\"><p>W pi\u0105tek, 20 listopada 2015 roku, uczniowie naszej szko\u0142y wzi\u0119li udzia\u0142 w obchodach Og\u00f3lnopolskiego Dnia Praw Dziecka. To \u015bwi\u0119to upami\u0119tnia rocznic\u0119 przyj\u0119cia przez Zgromadzenie Og\u00f3lne <a class=\"mh-excerpt-more\" href=\"https:\/\/www.psppnw.pl\/index.php\/ogolnopolski-dzien-praw-dziecka\/\" title=\"Og\u00f3lnopolski Dzie\u0144 Praw Dziecka\">[wi\u0119cej]<\/a><\/p>\n<\/div>","protected":false},"author":1,"featured_media":0,"parent":0,"menu_order":0,"comment_status":"closed","ping_status":"closed","template":"","meta":{"ngg_post_thumbnail":0,"footnotes":""},"class_list":["post-4569","page","type-page","status-publish","hentry"],"_links":{"self":[{"href":"https:\/\/www.psppnw.pl\/index.php\/wp-json\/wp\/v2\/pages\/4569","targetHints":{"allow":["GET"]}}],"collection":[{"href":"https:\/\/www.psppnw.pl\/index.php\/wp-json\/wp\/v2\/pages"}],"about":[{"href":"https:\/\/www.psppnw.pl\/index.php\/wp-json\/wp\/v2\/types\/page"}],"author":[{"embeddable":true,"href":"https:\/\/www.psppnw.pl\/index.php\/wp-json\/wp\/v2\/users\/1"}],"replies":[{"embeddable":true,"href":"https:\/\/www.psppnw.pl\/index.php\/wp-json\/wp\/v2\/comments?post=4569"}],"version-history":[{"count":2,"href":"https:\/\/www.psppnw.pl\/index.php\/wp-json\/wp\/v2\/pages\/4569\/revisions"}],"predecessor-version":[{"id":4578,"href":"https:\/\/www.psppnw.pl\/index.php\/wp-json\/wp\/v2\/pages\/4569\/revisions\/4578"}],"wp:attachment":[{"href":"https:\/\/www.psppnw.pl\/index.php\/wp-json\/wp\/v2\/media?parent=4569"}],"curies":[{"name":"wp","href":"https:\/\/api.w.org\/{rel}","templated":true}]}}