{"id":4819,"date":"2016-01-19T13:34:40","date_gmt":"2016-01-19T11:34:40","guid":{"rendered":"http:\/\/www.psppnw.pl\/?page_id=4819"},"modified":"2016-01-19T13:34:40","modified_gmt":"2016-01-19T11:34:40","slug":"konkurs-ladnego-pisania","status":"publish","type":"page","link":"http:\/\/www.psppnw.pl\/index.php\/konkurs-ladnego-pisania\/","title":{"rendered":"Konkurs \u0142adnego pisania"},"content":{"rendered":"<h3><img loading=\"lazy\" decoding=\"async\" class=\"aligncenter size-medium wp-image-4640\" src=\"http:\/\/www.psppnw.pl\/wp-content\/uploads\/2015\/12\/Ladneczytanie1_PNW-4-600x398.jpg\" alt=\"Ladneczytanie1_PNW (4)\" width=\"600\" height=\"398\" \/><\/h3>\n<h3>\u0141adnie napisane<\/p>\n<p>W czwartek, 26 listopada 2015 roku, w Gminnej Bibliotece Publicznej<\/p>\n<p>w Komprachcicach mia\u0142o miejsce rozdanie nagr\u00f3d w Mi\u0119dzygminnym Konkursie \u0141adnego<\/p>\n<p>Pisania, organizowanym przez bibliotek\u0119 oraz Publiczn\u0105 Szko\u0142\u0119 Podstawow\u0105 im. Janusza<\/p>\n<p>Korczaka w Polskiej Nowej Wsi.<\/p>\n<p>W bie\u017c\u0105cym roku szkolnym odby\u0142a si\u0119 ju\u017c czwarta edycja tego konkursu, pierwszy raz<\/p>\n<p>na poziomie mi\u0119dzygminnym. Patronat honorowy nad imprez\u0105 obj\u0105\u0142 W\u00f3jt Gminy<\/p>\n<p>Komprachcice, Pan Leonard Pietruszka. Uczniowie klas IV-VI mieli za zadanie napisa\u0107<\/p>\n<p>wypracowanie na jeden z trzech temat\u00f3w zwi\u0105zanych z poj\u0119ciem autorytetu. Mogli odnie\u015b\u0107<\/p>\n<p>si\u0119 do os\u00f3b godnych na\u015bladowania lub do ksi\u0105\u017cek, kt\u00f3re podpowiadaj\u0105 im, jak \u017cy\u0107.<\/p>\n<p>Ocenie niezale\u017cnego jury w sk\u0142adzie Anna Bia\u0142osk\u00f3rska (kierownik Zespo\u0142u Obs\u0142ugi<\/p>\n<p>Plac\u00f3wek O\u015bwiatowych w Komprachcicach), Barbara Langner (Gminna Biblioteka Publiczna<\/p>\n<p>w Komprachcicach) oraz Barbara Paj\u0105k (Pedagogiczna Biblioteka Wojew\u00f3dzka w Opolu)<\/p>\n<p>podlega\u0142o kryterium tre\u015bci oraz estetyka prac wp\u0142ywaj\u0105cych na konkurs. Przyznano 4<\/p>\n<p>wyr\u00f3\u017cnienia oraz 5 g\u0142\u00f3wnych nagr\u00f3d. Poni\u017cej lista tegorocznych laureat\u00f3w:<\/p>\n<p>\uf0b7 Filip Skrok (PSP im. Janusza Korczaka w Polskiej Nowej Wsi) \u2013 I miejsce<\/p>\n<p>\uf0b7 Olga Aleksandrowicz (PSP Wawelno) i Aleksander Krawczyk (PSP im.<\/p>\n<p>Janusza Korczaka w Polskiej Nowej Wsi) \u2013 II miejsce<\/p>\n<p>\uf0b7 Natalia Gogolok (PSP Domecko) i Magdalena Gozdek (PSSP Ochodze) \u2013 III<\/p>\n<p>miejsce<\/p>\n<p>\uf0b7 Wyr\u00f3\u017cnienia: Filip Janusz (PSP Chmielowice), Jakub Janusz (PSP<\/p>\n<p>Chmielowice), Aleksandra Tomaszewska (PSP Wawelno), Paulina Wotzka<\/p>\n<p>(Zesp\u00f3\u0142 Szkolno-Przedszkolny im. Jana Paw\u0142a II w Boguszycach).<\/p>\n<p>Uczniowie starszych klas szk\u00f3\u0142 podstawowych w swoich przemy\u015bleniach wskazywali<\/p>\n<p>przede wszystkim na autorytet rodzic\u00f3w, ale tak\u017ce babci czy niepe\u0142nosprawnego s\u0105siada.<\/p>\n<p>W\u015br\u00f3d inspiruj\u0105cych lektur nie zabrak\u0142o klasyki literatury dzieci\u0119cej i m\u0142odzie\u017cowej, czyli<\/p>\n<p>\u201eAni z Zielonego Wzg\u00f3rza\u201d Lucy Maud Montgomery oraz \u201eW pustyni i w puszczy\u201d Henryka<\/p>\n<p>Nagrody rzeczowe zakupiono dzi\u0119ki finansowemu wsparciu Gminnego O\u015brodka<\/p>\n<p>Pomocy Spo\u0142ecznej w Komprachcicach, a ksi\u0105\u017ckowe ufundowa\u0142 wsp\u00f3\u0142organizator konkursu \u2013<\/p>\n<p>Gminna Biblioteka Publiczna w Komprachcicach. Konkurs po raz czwarty koordynowa\u0142a<\/h3>\n","protected":false},"excerpt":{"rendered":"<div class=\"mh-excerpt\"><p>\u0141adnie napisane W czwartek, 26 listopada 2015 roku, w Gminnej Bibliotece Publicznej w Komprachcicach mia\u0142o miejsce rozdanie nagr\u00f3d w Mi\u0119dzygminnym Konkursie \u0141adnego Pisania, organizowanym przez <a class=\"mh-excerpt-more\" href=\"http:\/\/www.psppnw.pl\/index.php\/konkurs-ladnego-pisania\/\" title=\"Konkurs \u0142adnego pisania\">[wi\u0119cej]<\/a><\/p>\n<\/div>","protected":false},"author":1,"featured_media":0,"parent":0,"menu_order":0,"comment_status":"closed","ping_status":"closed","template":"","meta":{"ngg_post_thumbnail":0,"footnotes":""},"class_list":["post-4819","page","type-page","status-publish","hentry"],"_links":{"self":[{"href":"http:\/\/www.psppnw.pl\/index.php\/wp-json\/wp\/v2\/pages\/4819","targetHints":{"allow":["GET"]}}],"collection":[{"href":"http:\/\/www.psppnw.pl\/index.php\/wp-json\/wp\/v2\/pages"}],"about":[{"href":"http:\/\/www.psppnw.pl\/index.php\/wp-json\/wp\/v2\/types\/page"}],"author":[{"embeddable":true,"href":"http:\/\/www.psppnw.pl\/index.php\/wp-json\/wp\/v2\/users\/1"}],"replies":[{"embeddable":true,"href":"http:\/\/www.psppnw.pl\/index.php\/wp-json\/wp\/v2\/comments?post=4819"}],"version-history":[{"count":1,"href":"http:\/\/www.psppnw.pl\/index.php\/wp-json\/wp\/v2\/pages\/4819\/revisions"}],"predecessor-version":[{"id":4820,"href":"http:\/\/www.psppnw.pl\/index.php\/wp-json\/wp\/v2\/pages\/4819\/revisions\/4820"}],"wp:attachment":[{"href":"http:\/\/www.psppnw.pl\/index.php\/wp-json\/wp\/v2\/media?parent=4819"}],"curies":[{"name":"wp","href":"https:\/\/api.w.org\/{rel}","templated":true}]}}